{"id":472,"date":"2019-06-30T05:09:23","date_gmt":"2019-06-30T05:09:23","guid":{"rendered":"https:\/\/wyler-aebtechuchi.ch\/?page_id=472"},"modified":"2026-04-07T14:56:49","modified_gmt":"2026-04-07T14:56:49","slug":"agenda","status":"publish","type":"page","link":"https:\/\/wyler-aebtechuchi.ch\/?page_id=472","title":{"rendered":"Agenda"},"content":{"rendered":"<p><strong>Unsere kommenden Anl\u00e4sse 2026:<\/strong><\/p>\n<p><strong>7. April 2026\u00a0<\/strong><br \/>\nHauptversammlung Rest. Sonne Wilen<\/p>\n<p><strong>5. Mai 2026<\/strong><br \/>\nMonatschoch\u00e4t\u00e4 Schulk\u00fcche Lindenhof<\/p>\n<p><strong>2. Juni 2026<\/strong><br \/>\nMonatschoch\u00e4t\u00e4 Schulk\u00fcche Lindenhof<\/p>\n<p><strong>4. Juli 2026<\/strong><br \/>\nGrillplausch bei Kochbruder und S\u00e4ckelmeister Oli<\/p>\n<p><strong>1.September 2026<\/strong><br \/>\nMonatschoch\u00e4t\u00e4 Schulk\u00fcche Lindenhof<\/p>\n<p><strong>September 2026<\/strong><br \/>\nVereinsausflug<\/p>\n<p><strong>6. Oktober 2026<\/strong><br \/>\nHerbstumdruck im Linden Pub Wil<\/p>\n<p><strong>3. November 2026<\/strong><br \/>\nMonatschoch\u00e4t\u00e4 Schulk\u00fcche Lindenhof<\/p>\n<p><strong>12. Dezember 2026<\/strong><br \/>\nWeihnachts-Anlass mit Begleitung<\/p>\n","protected":false},"excerpt":{"rendered":"<p>Unsere kommenden Anl\u00e4sse 2026: 7. April 2026\u00a0 Hauptversammlung Rest. Sonne Wilen 5. Mai 2026 Monatschoch\u00e4t\u00e4 Schulk\u00fcche Lindenhof 2. Juni 2026 Monatschoch\u00e4t\u00e4 Schulk\u00fcche Lindenhof 4. Juli 2026 Grillplausch bei Kochbruder und S\u00e4ckelmeister Oli 1.September 2026 Monatschoch\u00e4t\u00e4 Schulk\u00fcche Lindenhof September 2026 Vereinsausflug 6. Oktober 2026 Herbstumdruck im Linden Pub Wil 3. November 2026 Monatschoch\u00e4t\u00e4 Schulk\u00fcche Lindenhof 12. &hellip; <\/p>\n<p><a class=\"more-link btn\" href=\"https:\/\/wyler-aebtechuchi.ch\/?page_id=472\">Weiterlesen<\/a><\/p>\n","protected":false},"author":1,"featured_media":0,"parent":0,"menu_order":0,"comment_status":"closed","ping_status":"closed","template":"","meta":{"pgc_sgb_lightbox_settings":"","footnotes":""},"class_list":["post-472","page","type-page","status-publish","hentry","nodate","item-wrap"],"_links":{"self":[{"href":"https:\/\/wyler-aebtechuchi.ch\/index.php?rest_route=\/wp\/v2\/pages\/472","targetHints":{"allow":["GET"]}}],"collection":[{"href":"https:\/\/wyler-aebtechuchi.ch\/index.php?rest_route=\/wp\/v2\/pages"}],"about":[{"href":"https:\/\/wyler-aebtechuchi.ch\/index.php?rest_route=\/wp\/v2\/types\/page"}],"author":[{"embeddable":true,"href":"https:\/\/wyler-aebtechuchi.ch\/index.php?rest_route=\/wp\/v2\/users\/1"}],"replies":[{"embeddable":true,"href":"https:\/\/wyler-aebtechuchi.ch\/index.php?rest_route=%2Fwp%2Fv2%2Fcomments&post=472"}],"version-history":[{"count":18,"href":"https:\/\/wyler-aebtechuchi.ch\/index.php?rest_route=\/wp\/v2\/pages\/472\/revisions"}],"predecessor-version":[{"id":790,"href":"https:\/\/wyler-aebtechuchi.ch\/index.php?rest_route=\/wp\/v2\/pages\/472\/revisions\/790"}],"wp:attachment":[{"href":"https:\/\/wyler-aebtechuchi.ch\/index.php?rest_route=%2Fwp%2Fv2%2Fmedia&parent=472"}],"curies":[{"name":"wp","href":"https:\/\/api.w.org\/{rel}","templated":true}]}}